{"id":2383,"date":"2020-09-27T15:07:05","date_gmt":"2020-09-27T15:07:05","guid":{"rendered":"https:\/\/the7.io\/elementor-agency\/?page_id=2383"},"modified":"2020-12-24T14:37:03","modified_gmt":"2020-12-24T14:37:03","slug":"privacy-policy","status":"publish","type":"page","link":"https:\/\/konzeptlead.com\/gr\/privacy-policy\/","title":{"rendered":"Datenschutzrichtlinie"},"content":{"rendered":"<div data-elementor-type=\"wp-page\" data-elementor-id=\"2383\" class=\"elementor elementor-2383\" data-elementor-post-type=\"page\">\n\t\t\t\t\t\t<section class=\"elementor-section elementor-top-section elementor-element elementor-element-5e02681 elementor-section-height-min-height elementor-section-boxed elementor-section-height-default elementor-section-items-middle\" data-id=\"5e02681\" data-element_type=\"section\" data-e-type=\"section\" data-settings=\"{&quot;background_background&quot;:&quot;classic&quot;}\">\n\t\t\t\t\t\t\t<div class=\"elementor-background-overlay\"><\/div>\n\t\t\t\t\t\t\t<div class=\"elementor-container elementor-column-gap-default\">\n\t\t\t\t\t<div class=\"elementor-column elementor-col-100 elementor-top-column elementor-element elementor-element-229f061\" data-id=\"229f061\" data-element_type=\"column\" data-e-type=\"column\">\n\t\t\t<div class=\"elementor-widget-wrap elementor-element-populated\">\n\t\t\t\t\t\t<div class=\"elementor-element elementor-element-0ef591b elementor-invisible elementor-widget elementor-widget-heading\" data-id=\"0ef591b\" data-element_type=\"widget\" data-e-type=\"widget\" data-settings=\"{&quot;_animation&quot;:&quot;fadeInUp&quot;}\" data-widget_type=\"heading.default\">\n\t\t\t\t\t<h2 class=\"elementor-heading-title elementor-size-default\">DATENSCHUTZ-BESTIMMUNGEN<\/h2>\t\t\t\t<\/div>\n\t\t\t\t\t<\/div>\n\t\t<\/div>\n\t\t\t\t\t<\/div>\n\t\t<\/section>\n\t\t\t\t<section class=\"elementor-section elementor-top-section elementor-element elementor-element-b265203 elementor-section-boxed elementor-section-height-default elementor-section-height-default\" data-id=\"b265203\" data-element_type=\"section\" data-e-type=\"section\">\n\t\t\t\t\t\t<div class=\"elementor-container elementor-column-gap-wider\">\n\t\t\t\t\t<div class=\"elementor-column elementor-col-100 elementor-top-column elementor-element elementor-element-37443ca\" data-id=\"37443ca\" data-element_type=\"column\" data-e-type=\"column\">\n\t\t\t<div class=\"elementor-widget-wrap elementor-element-populated\">\n\t\t\t\t\t\t<div class=\"elementor-element elementor-element-44d0c18 elementor-widget elementor-widget-text-editor\" data-id=\"44d0c18\" data-element_type=\"widget\" data-e-type=\"widget\" data-widget_type=\"text-editor.default\">\n\t\t\t\t\t\t\t\t\t<h2 style=\"color: #808081; font-weight:bold\">Nutzungsbedingungen der Website<\/h2>\n<h3 style=\"color: #d20a11;\">1. Bedingungen<\/h3>\nDurch den Zugriff auf diese Website erkl\u00e4ren Sie sich mit den Nutzungsbedingungen dieser Website, den geltenden Gesetzen und Vorschriften und deren Einhaltung einverstanden. Wenn Sie mit einer der angegebenen Bedingungen nicht einverstanden sind, ist es Ihnen untersagt, diese Website zu nutzen oder darauf zuzugreifen. Die auf dieser Website enthaltenen Materialien sind durch geltendes Urheber- und Markenrecht gesch\u00fctzt.\n<h3 style=\"color: #d20a11;\">2. Nutzungslizenz<\/h3>\n<ol type=\"a\">\n \t<li>Es ist gestattet, vor\u00fcbergehend ein Duplikat der Materialien (Daten oder Programmierung) auf der Website von konzept lead nur f\u00fcr den privaten und nicht gesch\u00e4ftlichen Gebrauch herunterzuladen. Dies ist nur eine Lizenzerlaubnis und kein Eigentumstausch, und unter dieser Erlaubnis d\u00fcrfen Sie nicht:\n<ol type=\"i\">\n \t<li>die Materialien modifizieren oder kopieren;<\/li>\n \t<li>Verwenden Sie die Materialien f\u00fcr kommerzielle Zwecke oder f\u00fcr \u00f6ffentliche Pr\u00e4sentationen (gesch\u00e4ftlich oder nicht gesch\u00e4ftlich);<\/li>\n \t<li>versuchen, Produkte oder Materialien, die auf der Website von konzept lead enthalten sind, zu dekompilieren oder neu zu erstellen;<\/li>\n \t<li>Urheberrechte oder andere restriktive Dokumentationen aus den Materialien entfernen; oder<\/li>\n \t<li>\u00dcbertragen Sie die Materialien an jemand anderen oder \u201espiegeln\u201c Sie die Materialien sogar auf einem anderen Server.<\/li>\n<\/ol>\n<\/li>\n \t<li>Diese Erlaubnis kann folglich beendet werden, wenn Sie eine dieser Beschr\u00e4nkungen missachten, und kann von konzept lead jederzeit beendet werden. Nach Beendigung der Erlaubnis oder wenn Ihre Betrachtungserlaubnis beendet wird, m\u00fcssen Sie alle heruntergeladenen Materialien in Ihrem Besitz vernichten, egal ob in elektronischer oder gedruckter Form.<\/li>\n<\/ol>\n<h3 style=\"color: #d20a11;\">3. Haftungsausschluss<\/h3>\n<ol type=\"a\">\n \t<li>Die Materialien auf der Website von konzept lead werden \u201ewie besehen\u201c bereitgestellt. konzept lead gibt keine Garantien, mitgeteilt oder vorgeschlagen, und verzichtet daher auf und annulliert jede einzelne andere Garantie, einschlie\u00dflich ohne Einschr\u00e4nkung, abgeleitete Garantien oder Zust\u00e4nde der Marktg\u00e4ngigkeit, Eignung f\u00fcr einen bestimmten Grund, oder Nichteingriff in lizenziertes Eigentum oder andere Rechtsverletzungen. Dar\u00fcber hinaus \u00fcbernimmt konzept lead keine Gew\u00e4hrleistung oder Zusicherung hinsichtlich der Genauigkeit, der wahrscheinlichen Ergebnisse oder der unersch\u00fctterlichen Qualit\u00e4t der Nutzung der Materialien auf seiner Website oder der allgemeinen Identifizierung mit solchen Materialien oder mit dieser Website verbundenen Zielen.<\/li>\n<\/ol>\n<h3 style=\"color: #d20a11;\">4. Einschr\u00e4nkungen<\/h3>\nIn keinem Fall sollten konzept lead oder seine Lieferanten f\u00fcr irgendwelche Sch\u00e4den (ohne Einschr\u00e4nkung Sch\u00e4den f\u00fcr den Verlust von Informationen oder Vorteilen oder aufgrund von Gesch\u00e4ftseingriffen) haftbar gemacht werden, die sich aus der Nutzung oder Ohnmacht zur Nutzung der Materialien auf der Internet-Seite von konzept lead ergeben , ungeachtet der M\u00f6glichkeit, dass konzept Lead oder ein von konzept Lead zugelassener Vertreter \nm\u00fcndlich oder schriftlich \u00fcber die Wahrscheinlichkeit eines solchen Schadens informiert wurde. Da einige Bereiche keine Beschr\u00e4nkungen f\u00fcr abgeleitete Garantien oder Haftungshindernisse f\u00fcr schwere oder zuf\u00e4llige Sch\u00e4den zulassen, k\u00f6nnen diese Einschr\u00e4nkungen f\u00fcr Sie m\u00f6glicherweise keinen Unterschied machen.\n<h3 style=\"color: #d20a11;\">5. \u00c4nderungen und Errata<\/h3>\nDie auf der Website von konzept lead angezeigten Materialien k\u00f6nnen typografische oder fotografische Fehler enthalten. konzept lead garantiert nicht, dass die Materialien auf seiner Website genau, fertig oder aktuell sind. konzept lead kann jederzeit ohne Ank\u00fcndigung Verbesserungen an den auf seiner Website enthaltenen Materialien einf\u00fchren. konzept lead widmet sich wiederum nicht der Aktualisierung der Materialien.\n<h3 style=\"color: #d20a11;\">6. Verkn\u00fcpfungen<\/h3>\nkonzept lead hat die Mehrzahl der Websites oder Links, die mit seiner Website verbunden sind, nicht \u00fcberpr\u00fcft und ist nicht verantwortlich f\u00fcr den Inhalt einer solchen verbundenen Website. Die Aufnahme irgendeiner Verbindung impliziert keine Unterst\u00fctzung durch die konzept-F\u00fchrung der Website. Die Nutzung einer solchen verbundenen Website erfolgt auf eigenes Risiko des Benutzers.\n<h3 style=\"color: #d20a11;\">7. \u00c4nderungen der Nutzungsbedingungen der Website<\/h3>\nkonzept lead kann diese Nutzungsbedingungen f\u00fcr seine Website jederzeit ohne Vorank\u00fcndigung aktualisieren. Durch die Nutzung dieser Website stimmen Sie zu, an die jeweils aktuelle Form dieser Nutzungsbedingungen gebunden zu sein.\n<h3 style=\"color: #d20a11;\">8. Geltendes Recht<\/h3>\nJeder Fall, der sich auf die Website von konzept Lead bezieht, sollte nach den Gesetzen des Landes Frankfurt \u2013 Deutschland des konzept Lead State \u2013 ohne R\u00fccksicht auf seine rechtlichen Bestimmungen geregelt werden. Allgemeine Gesch\u00e4ftsbedingungen f\u00fcr die Nutzung einer Website.\n<h2 style=\"color: #d20a11;\">Datenschutzrichtlinie<\/h2>\nIhre Privatsph\u00e4re ist uns wichtig. Ebenso haben wir diese Richtlinie mit dem Endziel erstellt, dass Sie sehen sollten, wie wir einzelne Daten sammeln, verwenden, weitergeben und offenlegen und verwenden. Die folgenden Blaupausen stellen unsere Datenschutzrichtlinie dar.\n<ul>\n \t<li>Vor oder zum Zeitpunkt der Erfassung personenbezogener Daten werden wir die Zwecke identifizieren, f\u00fcr die Informationen erfasst werden.<\/li>\n \t<li>Wir erheben und verwenden personenbezogene Daten ausschlie\u00dflich mit dem Ziel, die von uns angegebenen Zwecke zu erf\u00fcllen, und f\u00fcr andere gute Zwecke, es sei denn, wir haben die Zustimmung der betroffenen Person oder es ist gesetzlich vorgeschrieben.<\/li>\n \t<li>Wir speichern einzelne Daten nur so lange, wie es f\u00fcr die Erf\u00fcllung dieser Gr\u00fcnde erforderlich ist.<\/li>\n \t<li>Wir werden individuelle Daten mit legalen und angemessenen Mitteln und gegebenenfalls mit der Information oder Zustimmung der betroffenen Person erheben.<\/li>\n \t<li>Personenbezogene Daten sollten f\u00fcr die Zwecke, f\u00fcr die sie verwendet werden sollen, wichtig sein und, soweit dies f\u00fcr diese Zwecke erforderlich ist, genau, vollst\u00e4ndig und aktualisiert sein.<\/li>\n \t<li>Wir werden einzelne Daten durch Sicherheitsschilde vor Ungl\u00fcck oder Einbruch sowie vor unbefugtem Zugriff, Weitergabe, Vervielf\u00e4ltigung, Verwendung oder Ver\u00e4nderung sch\u00fctzen.<\/li>\n \t<li>Wir werden Kunden umgehend Zugang zu unseren Richtlinien und Verfahren f\u00fcr die Verwaltung individueller Daten gew\u00e4hren.<\/li>\n<\/ul>\nWir konzentrieren uns darauf, unser Gesch\u00e4ft gem\u00e4\u00df diesen Standards zu f\u00fchren, mit einem spezifischen Endziel, um zu gew\u00e4hrleisten, dass die Vertraulichkeit individueller Daten sicher ist und gewahrt bleibt.\t\t\t\t\t\t\t\t<\/div>\n\t\t\t\t\t<\/div>\n\t\t<\/div>\n\t\t\t\t\t<\/div>\n\t\t<\/section>\n\t\t\t\t<\/div>","protected":false},"excerpt":{"rendered":"<p>PRIVACY POLICY Web Site Terms and Conditions of Use 1. Terms By accessing this web site, you are agreeing to [&hellip;]<\/p>","protected":false},"author":1,"featured_media":0,"parent":0,"menu_order":0,"comment_status":"closed","ping_status":"closed","template":"elementor_header_footer","meta":{"_monsterinsights_skip_tracking":false,"_monsterinsights_sitenote_active":false,"_monsterinsights_sitenote_note":"","_monsterinsights_sitenote_category":0,"site-sidebar-layout":"default","site-content-layout":"","ast-site-content-layout":"default","site-content-style":"default","site-sidebar-style":"default","ast-global-header-display":"","ast-banner-title-visibility":"","ast-main-header-display":"","ast-hfb-above-header-display":"","ast-hfb-below-header-display":"","ast-hfb-mobile-header-display":"","site-post-title":"","ast-breadcrumbs-content":"","ast-featured-img":"","footer-sml-layout":"","ast-disable-related-posts":"","theme-transparent-header-meta":"","adv-header-id-meta":"","stick-header-meta":"","header-above-stick-meta":"","header-main-stick-meta":"","header-below-stick-meta":"","astra-migrate-meta-layouts":"default","ast-page-background-enabled":"default","ast-page-background-meta":{"desktop":{"background-color":"var(--ast-global-color-5)","background-image":"","background-repeat":"repeat","background-position":"center center","background-size":"auto","background-attachment":"scroll","background-type":"","background-media":"","overlay-type":"","overlay-color":"","overlay-opacity":"","overlay-gradient":""},"tablet":{"background-color":"","background-image":"","background-repeat":"repeat","background-position":"center center","background-size":"auto","background-attachment":"scroll","background-type":"","background-media":"","overlay-type":"","overlay-color":"","overlay-opacity":"","overlay-gradient":""},"mobile":{"background-color":"","background-image":"","background-repeat":"repeat","background-position":"center center","background-size":"auto","background-attachment":"scroll","background-type":"","background-media":"","overlay-type":"","overlay-color":"","overlay-opacity":"","overlay-gradient":""}},"ast-content-background-meta":{"desktop":{"background-color":"var(--ast-global-color-4)","background-image":"","background-repeat":"repeat","background-position":"center center","background-size":"auto","background-attachment":"scroll","background-type":"","background-media":"","overlay-type":"","overlay-color":"","overlay-opacity":"","overlay-gradient":""},"tablet":{"background-color":"var(--ast-global-color-4)","background-image":"","background-repeat":"repeat","background-position":"center center","background-size":"auto","background-attachment":"scroll","background-type":"","background-media":"","overlay-type":"","overlay-color":"","overlay-opacity":"","overlay-gradient":""},"mobile":{"background-color":"var(--ast-global-color-4)","background-image":"","background-repeat":"repeat","background-position":"center center","background-size":"auto","background-attachment":"scroll","background-type":"","background-media":"","overlay-type":"","overlay-color":"","overlay-opacity":"","overlay-gradient":""}},"footnotes":""},"class_list":["post-2383","page","type-page","status-publish","hentry"],"yoast_head":"<!-- This site is optimized with the Yoast SEO plugin v26.9 - https:\/\/yoast.com\/product\/yoast-seo-wordpress\/ -->\n<title>Privacy Policy - konzeptlead<\/title>\n<meta name=\"robots\" content=\"index, follow, max-snippet:-1, max-image-preview:large, max-video-preview:-1\" \/>\n<link rel=\"canonical\" href=\"https:\/\/konzeptlead.com\/gr\/privacy-policy\/\" \/>\n<meta property=\"og:locale\" content=\"de_DE\" \/>\n<meta property=\"og:type\" content=\"article\" \/>\n<meta property=\"og:title\" content=\"Privacy Policy - konzeptlead\" \/>\n<meta property=\"og:description\" content=\"PRIVACY POLICY Web Site Terms and Conditions of Use 1. Terms By accessing this web site, you are agreeing to [&hellip;]\" \/>\n<meta property=\"og:url\" content=\"https:\/\/konzeptlead.com\/gr\/privacy-policy\/\" \/>\n<meta property=\"og:site_name\" content=\"konzeptlead\" \/>\n<meta property=\"article:publisher\" content=\"https:\/\/www.facebook.com\/KonzeptLead\" \/>\n<meta property=\"article:modified_time\" content=\"2020-12-24T14:37:03+00:00\" \/>\n<meta name=\"twitter:card\" content=\"summary_large_image\" \/>\n<meta name=\"twitter:label1\" content=\"Gesch\u00e4tzte Lesezeit\" \/>\n\t<meta name=\"twitter:data1\" content=\"4\u00a0Minuten\" \/>\n<script type=\"application\/ld+json\" class=\"yoast-schema-graph\">{\"@context\":\"https:\/\/schema.org\",\"@graph\":[{\"@type\":\"WebPage\",\"@id\":\"https:\/\/konzeptlead.com\/privacy-policy\/\",\"url\":\"https:\/\/konzeptlead.com\/privacy-policy\/\",\"name\":\"Privacy Policy - konzeptlead\",\"isPartOf\":{\"@id\":\"https:\/\/konzeptlead.com\/#website\"},\"datePublished\":\"2020-09-27T15:07:05+00:00\",\"dateModified\":\"2020-12-24T14:37:03+00:00\",\"breadcrumb\":{\"@id\":\"https:\/\/konzeptlead.com\/privacy-policy\/#breadcrumb\"},\"inLanguage\":\"de\",\"potentialAction\":[{\"@type\":\"ReadAction\",\"target\":[\"https:\/\/konzeptlead.com\/privacy-policy\/\"]}]},{\"@type\":\"BreadcrumbList\",\"@id\":\"https:\/\/konzeptlead.com\/privacy-policy\/#breadcrumb\",\"itemListElement\":[{\"@type\":\"ListItem\",\"position\":1,\"name\":\"Home\",\"item\":\"https:\/\/konzeptlead.com\/\"},{\"@type\":\"ListItem\",\"position\":2,\"name\":\"Privacy Policy\"}]},{\"@type\":\"WebSite\",\"@id\":\"https:\/\/konzeptlead.com\/#website\",\"url\":\"https:\/\/konzeptlead.com\/\",\"name\":\"konzeptlead\",\"description\":\"Together We Achieve Success\",\"publisher\":{\"@id\":\"https:\/\/konzeptlead.com\/#organization\"},\"potentialAction\":[{\"@type\":\"SearchAction\",\"target\":{\"@type\":\"EntryPoint\",\"urlTemplate\":\"https:\/\/konzeptlead.com\/?s={search_term_string}\"},\"query-input\":{\"@type\":\"PropertyValueSpecification\",\"valueRequired\":true,\"valueName\":\"search_term_string\"}}],\"inLanguage\":\"de\"},{\"@type\":\"Organization\",\"@id\":\"https:\/\/konzeptlead.com\/#organization\",\"name\":\"konzeptlead\",\"url\":\"https:\/\/konzeptlead.com\/\",\"logo\":{\"@type\":\"ImageObject\",\"inLanguage\":\"de\",\"@id\":\"https:\/\/konzeptlead.com\/#\/schema\/logo\/image\/\",\"url\":\"https:\/\/konzeptlead.com\/wp-content\/uploads\/2020\/12\/arrow-red.png\",\"contentUrl\":\"https:\/\/konzeptlead.com\/wp-content\/uploads\/2020\/12\/arrow-red.png\",\"width\":165,\"height\":235,\"caption\":\"konzeptlead\"},\"image\":{\"@id\":\"https:\/\/konzeptlead.com\/#\/schema\/logo\/image\/\"},\"sameAs\":[\"https:\/\/www.facebook.com\/KonzeptLead\"]}]}<\/script>\n<!-- \/ Yoast SEO plugin. -->","yoast_head_json":{"title":"Privacy Policy - konzeptlead","robots":{"index":"index","follow":"follow","max-snippet":"max-snippet:-1","max-image-preview":"max-image-preview:large","max-video-preview":"max-video-preview:-1"},"canonical":"https:\/\/konzeptlead.com\/gr\/privacy-policy\/","og_locale":"de_DE","og_type":"article","og_title":"Privacy Policy - konzeptlead","og_description":"PRIVACY POLICY Web Site Terms and Conditions of Use 1. Terms By accessing this web site, you are agreeing to [&hellip;]","og_url":"https:\/\/konzeptlead.com\/gr\/privacy-policy\/","og_site_name":"konzeptlead","article_publisher":"https:\/\/www.facebook.com\/KonzeptLead","article_modified_time":"2020-12-24T14:37:03+00:00","twitter_card":"summary_large_image","twitter_misc":{"Gesch\u00e4tzte Lesezeit":"4\u00a0Minuten"},"schema":{"@context":"https:\/\/schema.org","@graph":[{"@type":"WebPage","@id":"https:\/\/konzeptlead.com\/privacy-policy\/","url":"https:\/\/konzeptlead.com\/privacy-policy\/","name":"Privacy Policy - konzeptlead","isPartOf":{"@id":"https:\/\/konzeptlead.com\/#website"},"datePublished":"2020-09-27T15:07:05+00:00","dateModified":"2020-12-24T14:37:03+00:00","breadcrumb":{"@id":"https:\/\/konzeptlead.com\/privacy-policy\/#breadcrumb"},"inLanguage":"de","potentialAction":[{"@type":"ReadAction","target":["https:\/\/konzeptlead.com\/privacy-policy\/"]}]},{"@type":"BreadcrumbList","@id":"https:\/\/konzeptlead.com\/privacy-policy\/#breadcrumb","itemListElement":[{"@type":"ListItem","position":1,"name":"Home","item":"https:\/\/konzeptlead.com\/"},{"@type":"ListItem","position":2,"name":"Privacy Policy"}]},{"@type":"WebSite","@id":"https:\/\/konzeptlead.com\/#website","url":"https:\/\/konzeptlead.com\/","name":"konzeptlead","description":"Gemeinsam erreichen wir mehr","publisher":{"@id":"https:\/\/konzeptlead.com\/#organization"},"potentialAction":[{"@type":"SearchAction","target":{"@type":"EntryPoint","urlTemplate":"https:\/\/konzeptlead.com\/?s={search_term_string}"},"query-input":{"@type":"PropertyValueSpecification","valueRequired":true,"valueName":"search_term_string"}}],"inLanguage":"de"},{"@type":"Organization","@id":"https:\/\/konzeptlead.com\/#organization","name":"konzeptlead","url":"https:\/\/konzeptlead.com\/","logo":{"@type":"ImageObject","inLanguage":"de","@id":"https:\/\/konzeptlead.com\/#\/schema\/logo\/image\/","url":"https:\/\/konzeptlead.com\/wp-content\/uploads\/2020\/12\/arrow-red.png","contentUrl":"https:\/\/konzeptlead.com\/wp-content\/uploads\/2020\/12\/arrow-red.png","width":165,"height":235,"caption":"konzeptlead"},"image":{"@id":"https:\/\/konzeptlead.com\/#\/schema\/logo\/image\/"},"sameAs":["https:\/\/www.facebook.com\/KonzeptLead"]}]}},"_links":{"self":[{"href":"https:\/\/konzeptlead.com\/gr\/wp-json\/wp\/v2\/pages\/2383","targetHints":{"allow":["GET"]}}],"collection":[{"href":"https:\/\/konzeptlead.com\/gr\/wp-json\/wp\/v2\/pages"}],"about":[{"href":"https:\/\/konzeptlead.com\/gr\/wp-json\/wp\/v2\/types\/page"}],"author":[{"embeddable":true,"href":"https:\/\/konzeptlead.com\/gr\/wp-json\/wp\/v2\/users\/1"}],"replies":[{"embeddable":true,"href":"https:\/\/konzeptlead.com\/gr\/wp-json\/wp\/v2\/comments?post=2383"}],"version-history":[{"count":0,"href":"https:\/\/konzeptlead.com\/gr\/wp-json\/wp\/v2\/pages\/2383\/revisions"}],"wp:attachment":[{"href":"https:\/\/konzeptlead.com\/gr\/wp-json\/wp\/v2\/media?parent=2383"}],"curies":[{"name":"wp","href":"https:\/\/api.w.org\/{rel}","templated":true}]}}