{"id":52519,"date":"2020-09-14T09:07:52","date_gmt":"2020-09-14T09:07:52","guid":{"rendered":"https:\/\/the7.io\/elementor-agency\/?page_id=2"},"modified":"2023-11-07T09:34:38","modified_gmt":"2023-11-07T09:34:38","slug":"home","status":"publish","type":"page","link":"https:\/\/konzeptlead.com\/gr\/home\/","title":{"rendered":"Startseite"},"content":{"rendered":"<h4>\u00dcber uns<br \/>\n<\/h4>\n<h3>Wir sind eine sich selbst tragende Organisation, die lokal und international f\u00fcr ihre bedeutende Rolle weltweit und die lange Liste von Errungenschaften und Erfolgen anerkannt ist.<br \/>\n<\/h3>\n<p>Konzept Lead ist ein vertrauensw\u00fcrdiger Partner mit langj\u00e4hriger Erfahrung mit Unternehmen in Europa und dem Nahen Osten, der beispiellose Unterst\u00fctzung in den Bereichen Verbandsmanagement, Veranstaltungsmanagement und Medienproduktionsmanagement bietet.<\/p>\n<p class=\"translation-block\">Unsere Dienstleistungen sind \u00e4u\u00dferst professionell und au\u00dfergew\u00f6hnlich geplant, um sicherzustellen, dass <em><strong>Ihre Unternehmensziele erreicht werden, wir bestimmen Ziele, schaffen Werte und liefern Ergebnisse.<\/strong><\/em><\/p>\n<p>Wir sind ein spezialisiertes Verbandsverwaltungsunternehmen mit den Ressourcen und dem Fachwissen, um Unternehmen in ganz Europa und der Golfregion dabei zu helfen, ihre Effizienz und Professionalit\u00e4t zu verbessern.<\/p>\n<p>Konzept Lead bietet Organisationen ma\u00dfgeschneiderte L\u00f6sungen, indem es bew\u00e4hrte Strategien, Systeme und L\u00f6sungen anwendet, die den Anforderungen der Organisationen entsprechen.<\/p>\n<p>Das Fachwissen und die Erfahrung von Konzept Lead bieten Verb\u00e4nden einen erheblichen Mehrwert, indem L\u00f6sungen f\u00fcr die Anforderungen in den Bereichen Verwaltung, Veranstaltungsmanagement und Medienl\u00f6sungen bereitgestellt werden, um der Organisation zu helfen, immer st\u00e4rker zu werden.<\/p>\n<p>In den letzten 10 Jahren haben wir mehreren Organisationen dabei geholfen, ihre Verwaltung zu rationalisieren, die Datenbank ihrer Kunden zu erweitern und ihr Engagement zu verbessern.<\/p>\n<p>\t\t\t\t\t\t\t\t\t\t\t\t\t\t\t<img decoding=\"async\" src=\"https:\/\/konzeptlead.com\/wp-content\/uploads\/elementor\/thumbs\/about-scaled-q2jwxhbalzjyfzqxt9nz0905du9gpsbi3y24eo5jn4.jpg\" title=\"about_konzeptlead\" alt=\"about_konzeptlead\" loading=\"lazy\" \/>\t\t\t\t\t\t\t\t\t\t\t\t\t\t\t<\/p>\n<h4>konzept lead<br \/>\n<\/h4>\n<h2>We love &#038; know what we do!<\/h2>\n<h4>\n\t\t\t\t\t\tMission<br \/>\n\t\t\t\t<\/h4>\n<p>\n\t\t\t\t\t\tAntizipieren der Bed\u00fcrfnisse des Kunden, um seine Gedanken proaktiv in ein erfolgreiches Gesch\u00e4ft umzuwandeln, indem wir dedizierte und personalisierte Dienstleistungen erbringen. \t\t\t\t\t<\/p>\n<h4>\n\t\t\t\t\t\tVision<br \/>\n\t\t\t\t<\/h4>\n<p>\n\t\t\t\t\t\tSchaffen Sie eine starke Bindung zwischen Menschen und helfen Sie gro\u00dfen Marken, sich an uns zu wenden, wann immer sie ein hochkar\u00e4tiges Event mit spektakul\u00e4ren Erlebnissen und unvergesslichen Erinnerungen erreichen m\u00fcssen. \t\t\t\t\t<\/p>\n<h4>\n\t\t\t\t\t\tUnsere Kunden<br \/>\n\t\t\t\t<\/h4>\n<p>\n\t\t\t\t\t\tWir sind bestrebt, unseren Kunden die hochwertigsten und professionellsten Management-Dienstleistungen zu bieten, die in der Branche verf\u00fcgbar sind. Wir hatten das Privileg, unsere Dienstleistungen auf verschiedene Regierungsorganisationen, Bildungseinrichtungen, Handelsverb\u00e4nde, Verb\u00e4nde sowie multinationale Unternehmen ausgedehnt zu haben.\t\t\t\t\t<\/p>\n<h4>Unsere Dienstleistungen<\/h4>\n<h2>Der Weg, um anzufangen , ist , mit dem Reden aufzuh\u00f6ren und mit dem Handeln zu beginnen !<\/h2>\n<h3>\n\t\t\t\t\t\t\t\tVerbandsverwaltung\t\t\t\t\t\t\t<\/h3>\n<p>\t\t\t<a href=\"https:\/\/konzeptlead.com\/gr\/association-management\/\" target=\"_blank\" rel=\"noopener\"><br \/>\n\t\t\t\t\t\t\tKonzept Lead provides a full range of management services and operational support to trade associations, professional societies, foundations and other non-profit special interest groups in Europe, Middle East and the African countries&#8230;<br \/>\n\t\t\t\t\t\t\tEinzelheiten<br \/>\n\t\t<\/a><\/p>\n<h3>\n\t\t\t\t\t\t\t\tEventmanagement\t\t\t\t\t\t\t<\/h3>\n<p>\t\t\t\t\t\t\tWir sind ein gro\u00dfes Event-Management-Unternehmen, das Anfang 2010 in Europa gegr\u00fcndet wurde. Wir haben ein tiefes Wissen dar\u00fcber, was es braucht, um eine erfolgreiche, hochkar\u00e4tige Veranstaltung...<br \/>\n\t\t\t\t\t\t\t\t\t\t\t<a href=\"https:\/\/konzeptlead.com\/gr\/events-management\/\" target=\"_blank\" rel=\"noopener\"><br \/>\n\t\t\t\t\t\t\tEinzelheiten\t\t\t\t\t\t<\/a><\/p>\n<h3>\n\t\t\t\t\t\t\t\tMedienproduktionsmanagement\t\t\t\t\t\t\t<\/h3>\n<p>\t\t\t\t\t\t\tLernen Sie die Architekten von Media Production kennen. Wir sind eine Gruppe von Medienproduktionsexperten mit Sitz in Deutschland, die umfassende Dienstleistungen weltweit anbieten...<br \/>\n\t\t\t\t\t\t\t\t\t\t\t<a href=\"https:\/\/konzeptlead.com\/gr\/media-production\/\" target=\"_blank\" rel=\"noopener\"><br \/>\n\t\t\t\t\t\t\tEinzelheiten\t\t\t\t\t\t<\/a><\/p>\n<h4>Warum Kunden unseren Service w\u00e4hlen!<\/h4>\n<h2>Sei nicht besch\u00e4ftigt -   sei produktiv !<\/h2>\n<p>\t\t\t1.\t\t<\/p>\n<h4>\n\t\t\t\t\t\tWir haben in mehreren L\u00e4ndern, in Europa und im Nahen Osten gearbeitet.<br \/>\n\t\t\t\t<\/h4>\n<p>\t\t\t2.\t\t<\/p>\n<h4>\n\t\t\t\t\t\tWir arbeiten mit F\u00fchrungskr\u00e4ften f\u00fchrender Organisationen zusammen.<br \/>\n\t\t\t\t<\/h4>\n<p>\t\t\t3.\t\t<\/p>\n<h4>\n\t\t\t\t\t\tWir bieten funktions\u00fcbergreifende Projektmanagementanwendungen auf allen Ebenen der Organisation.<br \/>\n\t\t\t\t<\/h4>\n<p>\t\t\t4.\t\t<\/p>\n<h4>\n\t\t\t\t\t\tWir sind einer der angesehensten Vereine, Eventmanagement- und Medienproduktionsunternehmen der Welt.<br \/>\n\t\t\t\t<\/h4>\n<p>\t\t\t5.\t\t<\/p>\n<h4>\n\t\t\t\t\t\tWir bieten erstklassige Managementdienste.<br \/>\n\t\t\t\t<\/h4>\n<p>\t\t\t6.\t\t<\/p>\n<h4>\n\t\t\t\t\t\tEs ist unsere Aufmerksamkeit f\u00fcr die kleinen Details, die Planung von Zeitpl\u00e4nen und ein scharfes Projektmanagement, die uns von den anderen abheben. Wir sind kreativ, behalten dabei den Kalender und Ihr Budget im Auge.<br \/>\n\t\t\t\t<\/h4>\n<h4>UNSERE AGENTUR IN ZAHLEN<\/h4>\n<p>\t\t\t\t0<br \/>\n\t\t\t\t+<br \/>\n\t\t\t\t\t\t\tAbgeschlossene Projekte<br \/>\n\t\t\t\t0<br \/>\n\t\t\t\t+<br \/>\n\t\t\t\t\t\t\tJahre im  Gesch\u00e4ft<br \/>\n\t\t\t\t0<br \/>\n\t\t\t\t+<br \/>\n\t\t\t\t\t\t\tMitarbeiter<\/p>\n<h4>KONTAKTDATEN<br \/>\n<\/h4>\n<h4>\n\t\t\t\t\t\t\tFrankfurt &#8211; Germany<br \/>\n\t\t\t\t<\/h4>\n<p>\n\t\t\t\t\t\tBitte rufen Sie vor dem Besuch an\t\t\t\t\t<\/p>\n<h4>\n\t\t\t\t\t\t+49 17660605136<br \/>\n\t\t\t\t<\/h4>\n<p>\n\t\t\t\t\t\tBusiness days 9AM &#8211; 5PM\t\t\t\t\t<\/p>\n<h4>\n\t\t\t\t\t\tShaimaa.mehanna@konzeptlead.com<br \/>\n\t\t\t\t<\/h4>\n<p>\n\t\t\t\t\t\tFor clients &#038; partners\t\t\t\t\t<\/p>","protected":false},"excerpt":{"rendered":"<p>ABOUT US We are a self-sustaining body recognized locally and internationally for its meaningful role worldwide and long list of [&hellip;]<\/p>","protected":false},"author":1,"featured_media":0,"parent":0,"menu_order":0,"comment_status":"closed","ping_status":"closed","template":"elementor_header_footer","meta":{"_monsterinsights_skip_tracking":false,"_monsterinsights_sitenote_active":false,"_monsterinsights_sitenote_note":"","_monsterinsights_sitenote_category":0,"site-sidebar-layout":"default","site-content-layout":"","ast-site-content-layout":"default","site-content-style":"default","site-sidebar-style":"default","ast-global-header-display":"","ast-banner-title-visibility":"","ast-main-header-display":"","ast-hfb-above-header-display":"","ast-hfb-below-header-display":"","ast-hfb-mobile-header-display":"","site-post-title":"","ast-breadcrumbs-content":"","ast-featured-img":"","footer-sml-layout":"","ast-disable-related-posts":"","theme-transparent-header-meta":"","adv-header-id-meta":"","stick-header-meta":"","header-above-stick-meta":"","header-main-stick-meta":"","header-below-stick-meta":"","astra-migrate-meta-layouts":"default","ast-page-background-enabled":"default","ast-page-background-meta":{"desktop":{"background-color":"var(--ast-global-color-5)","background-image":"","background-repeat":"repeat","background-position":"center center","background-size":"auto","background-attachment":"scroll","background-type":"","background-media":"","overlay-type":"","overlay-color":"","overlay-opacity":"","overlay-gradient":""},"tablet":{"background-color":"","background-image":"","background-repeat":"repeat","background-position":"center center","background-size":"auto","background-attachment":"scroll","background-type":"","background-media":"","overlay-type":"","overlay-color":"","overlay-opacity":"","overlay-gradient":""},"mobile":{"background-color":"","background-image":"","background-repeat":"repeat","background-position":"center center","background-size":"auto","background-attachment":"scroll","background-type":"","background-media":"","overlay-type":"","overlay-color":"","overlay-opacity":"","overlay-gradient":""}},"ast-content-background-meta":{"desktop":{"background-color":"var(--ast-global-color-4)","background-image":"","background-repeat":"repeat","background-position":"center center","background-size":"auto","background-attachment":"scroll","background-type":"","background-media":"","overlay-type":"","overlay-color":"","overlay-opacity":"","overlay-gradient":""},"tablet":{"background-color":"var(--ast-global-color-4)","background-image":"","background-repeat":"repeat","background-position":"center center","background-size":"auto","background-attachment":"scroll","background-type":"","background-media":"","overlay-type":"","overlay-color":"","overlay-opacity":"","overlay-gradient":""},"mobile":{"background-color":"var(--ast-global-color-4)","background-image":"","background-repeat":"repeat","background-position":"center center","background-size":"auto","background-attachment":"scroll","background-type":"","background-media":"","overlay-type":"","overlay-color":"","overlay-opacity":"","overlay-gradient":""}},"footnotes":""},"class_list":["post-52519","page","type-page","status-publish","hentry"],"yoast_head":"<!-- This site is optimized with the Yoast SEO plugin v26.9 - https:\/\/yoast.com\/product\/yoast-seo-wordpress\/ -->\n<title>Home - konzeptlead<\/title>\n<meta name=\"robots\" content=\"index, follow, max-snippet:-1, max-image-preview:large, max-video-preview:-1\" \/>\n<link rel=\"canonical\" href=\"https:\/\/konzeptlead.com\/gr\/home\/\" \/>\n<meta property=\"og:locale\" content=\"de_DE\" \/>\n<meta property=\"og:type\" content=\"article\" \/>\n<meta property=\"og:title\" content=\"Home - konzeptlead\" \/>\n<meta property=\"og:description\" content=\"ABOUT US We are a self-sustaining body recognized locally and internationally for its meaningful role worldwide and long list of [&hellip;]\" \/>\n<meta property=\"og:url\" content=\"https:\/\/konzeptlead.com\/gr\/home\/\" \/>\n<meta property=\"og:site_name\" content=\"konzeptlead\" \/>\n<meta property=\"article:publisher\" content=\"https:\/\/www.facebook.com\/KonzeptLead\" \/>\n<meta property=\"article:modified_time\" content=\"2023-11-07T09:34:38+00:00\" \/>\n<meta property=\"og:image\" content=\"https:\/\/konzeptlead.com\/wp-content\/uploads\/elementor\/thumbs\/about-scaled-pjfjjwxw7nfmvhpuvusoajdzzxc71cs6okfd4fjy5s.jpg\" \/>\n<meta name=\"twitter:card\" content=\"summary_large_image\" \/>\n<meta name=\"twitter:label1\" content=\"Gesch\u00e4tzte Lesezeit\" \/>\n\t<meta name=\"twitter:data1\" content=\"3\u00a0Minuten\" \/>\n<script type=\"application\/ld+json\" class=\"yoast-schema-graph\">{\"@context\":\"https:\/\/schema.org\",\"@graph\":[{\"@type\":\"WebPage\",\"@id\":\"https:\/\/konzeptlead.com\/home\/\",\"url\":\"https:\/\/konzeptlead.com\/home\/\",\"name\":\"Home - konzeptlead\",\"isPartOf\":{\"@id\":\"https:\/\/konzeptlead.com\/#website\"},\"primaryImageOfPage\":{\"@id\":\"https:\/\/konzeptlead.com\/home\/#primaryimage\"},\"image\":{\"@id\":\"https:\/\/konzeptlead.com\/home\/#primaryimage\"},\"thumbnailUrl\":\"https:\/\/konzeptlead.com\/wp-content\/uploads\/elementor\/thumbs\/about-scaled-q2jwxhbalzjyfzqxt9nz0905du9gpsbi3y24eo5jn4.jpg\",\"datePublished\":\"2020-09-14T09:07:52+00:00\",\"dateModified\":\"2023-11-07T09:34:38+00:00\",\"breadcrumb\":{\"@id\":\"https:\/\/konzeptlead.com\/home\/#breadcrumb\"},\"inLanguage\":\"de\",\"potentialAction\":[{\"@type\":\"ReadAction\",\"target\":[\"https:\/\/konzeptlead.com\/home\/\"]}]},{\"@type\":\"ImageObject\",\"inLanguage\":\"de\",\"@id\":\"https:\/\/konzeptlead.com\/home\/#primaryimage\",\"url\":\"https:\/\/konzeptlead.com\/wp-content\/uploads\/elementor\/thumbs\/about-scaled-q2jwxhbalzjyfzqxt9nz0905du9gpsbi3y24eo5jn4.jpg\",\"contentUrl\":\"https:\/\/konzeptlead.com\/wp-content\/uploads\/elementor\/thumbs\/about-scaled-q2jwxhbalzjyfzqxt9nz0905du9gpsbi3y24eo5jn4.jpg\"},{\"@type\":\"BreadcrumbList\",\"@id\":\"https:\/\/konzeptlead.com\/home\/#breadcrumb\",\"itemListElement\":[{\"@type\":\"ListItem\",\"position\":1,\"name\":\"Home\",\"item\":\"https:\/\/konzeptlead.com\/\"},{\"@type\":\"ListItem\",\"position\":2,\"name\":\"Home\"}]},{\"@type\":\"WebSite\",\"@id\":\"https:\/\/konzeptlead.com\/#website\",\"url\":\"https:\/\/konzeptlead.com\/\",\"name\":\"konzeptlead\",\"description\":\"Together We Achieve Success\",\"publisher\":{\"@id\":\"https:\/\/konzeptlead.com\/#organization\"},\"potentialAction\":[{\"@type\":\"SearchAction\",\"target\":{\"@type\":\"EntryPoint\",\"urlTemplate\":\"https:\/\/konzeptlead.com\/?s={search_term_string}\"},\"query-input\":{\"@type\":\"PropertyValueSpecification\",\"valueRequired\":true,\"valueName\":\"search_term_string\"}}],\"inLanguage\":\"de\"},{\"@type\":\"Organization\",\"@id\":\"https:\/\/konzeptlead.com\/#organization\",\"name\":\"konzeptlead\",\"url\":\"https:\/\/konzeptlead.com\/\",\"logo\":{\"@type\":\"ImageObject\",\"inLanguage\":\"de\",\"@id\":\"https:\/\/konzeptlead.com\/#\/schema\/logo\/image\/\",\"url\":\"https:\/\/konzeptlead.com\/wp-content\/uploads\/2020\/12\/arrow-red.png\",\"contentUrl\":\"https:\/\/konzeptlead.com\/wp-content\/uploads\/2020\/12\/arrow-red.png\",\"width\":165,\"height\":235,\"caption\":\"konzeptlead\"},\"image\":{\"@id\":\"https:\/\/konzeptlead.com\/#\/schema\/logo\/image\/\"},\"sameAs\":[\"https:\/\/www.facebook.com\/KonzeptLead\"]}]}<\/script>\n<!-- \/ Yoast SEO plugin. -->","yoast_head_json":{"title":"Home - konzeptlead","robots":{"index":"index","follow":"follow","max-snippet":"max-snippet:-1","max-image-preview":"max-image-preview:large","max-video-preview":"max-video-preview:-1"},"canonical":"https:\/\/konzeptlead.com\/gr\/home\/","og_locale":"de_DE","og_type":"article","og_title":"Home - konzeptlead","og_description":"ABOUT US We are a self-sustaining body recognized locally and internationally for its meaningful role worldwide and long list of [&hellip;]","og_url":"https:\/\/konzeptlead.com\/gr\/home\/","og_site_name":"konzeptlead","article_publisher":"https:\/\/www.facebook.com\/KonzeptLead","article_modified_time":"2023-11-07T09:34:38+00:00","og_image":[{"url":"https:\/\/konzeptlead.com\/wp-content\/uploads\/elementor\/thumbs\/about-scaled-pjfjjwxw7nfmvhpuvusoajdzzxc71cs6okfd4fjy5s.jpg","type":"","width":"","height":""}],"twitter_card":"summary_large_image","twitter_misc":{"Gesch\u00e4tzte Lesezeit":"3\u00a0Minuten"},"schema":{"@context":"https:\/\/schema.org","@graph":[{"@type":"WebPage","@id":"https:\/\/konzeptlead.com\/home\/","url":"https:\/\/konzeptlead.com\/home\/","name":"Home - konzeptlead","isPartOf":{"@id":"https:\/\/konzeptlead.com\/#website"},"primaryImageOfPage":{"@id":"https:\/\/konzeptlead.com\/home\/#primaryimage"},"image":{"@id":"https:\/\/konzeptlead.com\/home\/#primaryimage"},"thumbnailUrl":"https:\/\/konzeptlead.com\/wp-content\/uploads\/elementor\/thumbs\/about-scaled-q2jwxhbalzjyfzqxt9nz0905du9gpsbi3y24eo5jn4.jpg","datePublished":"2020-09-14T09:07:52+00:00","dateModified":"2023-11-07T09:34:38+00:00","breadcrumb":{"@id":"https:\/\/konzeptlead.com\/home\/#breadcrumb"},"inLanguage":"de","potentialAction":[{"@type":"ReadAction","target":["https:\/\/konzeptlead.com\/home\/"]}]},{"@type":"ImageObject","inLanguage":"de","@id":"https:\/\/konzeptlead.com\/home\/#primaryimage","url":"https:\/\/konzeptlead.com\/wp-content\/uploads\/elementor\/thumbs\/about-scaled-q2jwxhbalzjyfzqxt9nz0905du9gpsbi3y24eo5jn4.jpg","contentUrl":"https:\/\/konzeptlead.com\/wp-content\/uploads\/elementor\/thumbs\/about-scaled-q2jwxhbalzjyfzqxt9nz0905du9gpsbi3y24eo5jn4.jpg"},{"@type":"BreadcrumbList","@id":"https:\/\/konzeptlead.com\/home\/#breadcrumb","itemListElement":[{"@type":"ListItem","position":1,"name":"Home","item":"https:\/\/konzeptlead.com\/"},{"@type":"ListItem","position":2,"name":"Home"}]},{"@type":"WebSite","@id":"https:\/\/konzeptlead.com\/#website","url":"https:\/\/konzeptlead.com\/","name":"konzeptlead","description":"Gemeinsam erreichen wir mehr","publisher":{"@id":"https:\/\/konzeptlead.com\/#organization"},"potentialAction":[{"@type":"SearchAction","target":{"@type":"EntryPoint","urlTemplate":"https:\/\/konzeptlead.com\/?s={search_term_string}"},"query-input":{"@type":"PropertyValueSpecification","valueRequired":true,"valueName":"search_term_string"}}],"inLanguage":"de"},{"@type":"Organization","@id":"https:\/\/konzeptlead.com\/#organization","name":"konzeptlead","url":"https:\/\/konzeptlead.com\/","logo":{"@type":"ImageObject","inLanguage":"de","@id":"https:\/\/konzeptlead.com\/#\/schema\/logo\/image\/","url":"https:\/\/konzeptlead.com\/wp-content\/uploads\/2020\/12\/arrow-red.png","contentUrl":"https:\/\/konzeptlead.com\/wp-content\/uploads\/2020\/12\/arrow-red.png","width":165,"height":235,"caption":"konzeptlead"},"image":{"@id":"https:\/\/konzeptlead.com\/#\/schema\/logo\/image\/"},"sameAs":["https:\/\/www.facebook.com\/KonzeptLead"]}]}},"_links":{"self":[{"href":"https:\/\/konzeptlead.com\/gr\/wp-json\/wp\/v2\/pages\/52519","targetHints":{"allow":["GET"]}}],"collection":[{"href":"https:\/\/konzeptlead.com\/gr\/wp-json\/wp\/v2\/pages"}],"about":[{"href":"https:\/\/konzeptlead.com\/gr\/wp-json\/wp\/v2\/types\/page"}],"author":[{"embeddable":true,"href":"https:\/\/konzeptlead.com\/gr\/wp-json\/wp\/v2\/users\/1"}],"replies":[{"embeddable":true,"href":"https:\/\/konzeptlead.com\/gr\/wp-json\/wp\/v2\/comments?post=52519"}],"version-history":[{"count":0,"href":"https:\/\/konzeptlead.com\/gr\/wp-json\/wp\/v2\/pages\/52519\/revisions"}],"wp:attachment":[{"href":"https:\/\/konzeptlead.com\/gr\/wp-json\/wp\/v2\/media?parent=52519"}],"curies":[{"name":"wp","href":"https:\/\/api.w.org\/{rel}","templated":true}]}}